{"id":155,"date":"2019-11-09T00:58:38","date_gmt":"2019-11-09T03:58:38","guid":{"rendered":"http:\/\/gameleirapelagio.com.br\/probono-responsabilidade-social\/"},"modified":"2019-11-21T13:22:39","modified_gmt":"2019-11-21T16:22:39","slug":"pro-bono-responsabilite-sociale","status":"publish","type":"page","link":"https:\/\/gameleirapelagio.com.br\/fr\/pro-bono-responsabilite-sociale\/","title":{"rendered":"PRO BONO &#8211; Responsabilit\u00e9 sociale"},"content":{"rendered":"<div id=\"dslc-theme-content\"><div id=\"dslc-theme-content-inner\">\n<p><strong>GAMELEIRA<\/strong> <strong>PELAGIO<\/strong> <strong>FABI\u00c3O <\/strong>e <strong>BASSANI <\/strong>embrassent les <strong>causes sociales<\/strong> et partagent la pratique du <strong>plaidoyer volontaire<\/strong>.<\/p>\n\n\n\n<p>Le plaidoyer b\u00e9n\u00e9vole est extr\u00eamement pertinent dans les pays \u00e0 forte in\u00e9galit\u00e9 sociale, tels que le Br\u00e9sil.<\/p>\n\n\n\n<p>Le nouveau code de d\u00e9ontologie et de discipline de l&rsquo;Ordre des avocats br\u00e9siliens (OAB) de 2015 permet d&rsquo;agir b\u00e9n\u00e9volement en faveur d&rsquo;organisations \u00e0 but <strong>non lucratif<\/strong> et de <strong>personnes incapables de payer les services<\/strong>.<\/p>\n\n\n\n<p><strong>La Solidariedade Fran\u00e7a Brasil<\/strong>, entre autres, compte sur l\u2019assistance du cabinet dans les domaines du conseil et du contentieux.<\/p>\n\n\n\n<p>Nous organisons des campagnes de dons p\u00e9riodiques pour les entit\u00e9s accueillant les personnes \u00e2g\u00e9es et les enfants.<\/p>\n<\/div><\/div>","protected":false},"excerpt":{"rendered":"<p>GAMELEIRA PELAGIO FABI\u00c3O e BASSANI embrassent les causes sociales et partagent la pratique du plaidoyer volontaire. Le plaidoyer b\u00e9n\u00e9vole est extr\u00eamement pertinent dans les pays \u00e0 forte in\u00e9galit\u00e9 sociale, tels que le Br\u00e9sil. Le nouveau code de d\u00e9ontologie et de discipline de l&rsquo;Ordre des avocats br\u00e9siliens (OAB) de 2015 permet d&rsquo;agir b\u00e9n\u00e9volement en faveur d&rsquo;organisations [&hellip;]<\/p>\n","protected":false},"author":1,"featured_media":0,"parent":0,"menu_order":0,"comment_status":"closed","ping_status":"closed","template":"","meta":{"footnotes":""},"class_list":["post-155","page","type-page","status-publish","hentry"],"jetpack_sharing_enabled":true,"_links":{"self":[{"href":"https:\/\/gameleirapelagio.com.br\/fr\/wp-json\/wp\/v2\/pages\/155","targetHints":{"allow":["GET"]}}],"collection":[{"href":"https:\/\/gameleirapelagio.com.br\/fr\/wp-json\/wp\/v2\/pages"}],"about":[{"href":"https:\/\/gameleirapelagio.com.br\/fr\/wp-json\/wp\/v2\/types\/page"}],"author":[{"embeddable":true,"href":"https:\/\/gameleirapelagio.com.br\/fr\/wp-json\/wp\/v2\/users\/1"}],"replies":[{"embeddable":true,"href":"https:\/\/gameleirapelagio.com.br\/fr\/wp-json\/wp\/v2\/comments?post=155"}],"version-history":[{"count":0,"href":"https:\/\/gameleirapelagio.com.br\/fr\/wp-json\/wp\/v2\/pages\/155\/revisions"}],"wp:attachment":[{"href":"https:\/\/gameleirapelagio.com.br\/fr\/wp-json\/wp\/v2\/media?parent=155"}],"curies":[{"name":"wp","href":"https:\/\/api.w.org\/{rel}","templated":true}]}}