{"id":163,"date":"2019-11-08T19:40:24","date_gmt":"2019-11-08T22:40:24","guid":{"rendered":"http:\/\/gameleirapelagio.com.br\/quem-somos\/"},"modified":"2020-05-05T16:33:16","modified_gmt":"2020-05-05T19:33:16","slug":"a-propos-nous","status":"publish","type":"page","link":"https:\/\/gameleirapelagio.com.br\/fr\/a-propos-nous\/","title":{"rendered":"A propos nous"},"content":{"rendered":"<div id=\"dslc-theme-content\"><div id=\"dslc-theme-content-inner\">\n<h3 class=\"wp-block-heading\">OBJECTIF<\/h3>\n\n\n\n<p><strong>GAMELEIRA<\/strong> <strong>PELAGIO<\/strong> <strong>FABI\u00c3O <\/strong>e <strong>BASSANI <\/strong>visent une <strong>communication efficace<\/strong>, le <strong>d\u00e9veloppement de solutions cr\u00e9atives<\/strong> et <strong>int\u00e9gr\u00e9es avec les clients<\/strong>, toujours ax\u00e9es sur les r\u00e9sultats, garantissant l&rsquo;application des <strong>meilleurs principes et valeurs<\/strong> dans la pratique du contentieux et du conseil.<\/p>\n\n\n\n<p>Nous pratiquons le droit avec <strong>dignit\u00e9 et ind\u00e9pendance<\/strong>, dans le respect de l&rsquo;\u00e9thique, des devoirs et pr\u00e9rogatives professionnels, d&rsquo;une bonne application de la loi, d&rsquo;une administration rapide de la justice et de l&rsquo;am\u00e9lioration de la culture et des institutions juridiques, <strong>fid\u00e8les au serment<\/strong> pr\u00eat\u00e9 depuis le d\u00e9but de l&rsquo;exercice de la loi.<\/p>\n\n\n\n<h3 class=\"wp-block-heading\">PERFORMANCE<\/h3>\n\n\n\n<p><strong>GAMELEIRA<\/strong> <strong>PELAGIO<\/strong> <strong>FABI\u00c3O <\/strong>e <strong>BASSANI <\/strong>sont des consultants et des avocats plaidants dans les domaines <strong>du travail, des affaires civiles, des entreprises, de la fiscalit\u00e9<\/strong> et <strong>des contrats<\/strong>, y compris \u00e0 grande \u00e9chelle et strat\u00e9giques, y compris les proc\u00e9dures administratives. <strong>Des professionnels qualifi\u00e9s<\/strong> et exp\u00e9riment\u00e9s forment une \u00e9quipe compl\u00e8te qui travaille de mani\u00e8re dynamique et proactive.<\/p>\n\n\n\n<p>Bas\u00e9 \u00e0 <strong>Rio de Janeiro<\/strong>, le Cabinet exerce ses activit\u00e9s dans tout le Br\u00e9sil avec le soutien de correspondants soigneusement s\u00e9lectionn\u00e9s et est ancr\u00e9 \u00e0 des points strat\u00e9giques dans le pays et \u00e0 l&rsquo;\u00e9tranger.<\/p>\n<\/div><\/div>","protected":false},"excerpt":{"rendered":"<p>OBJECTIF GAMELEIRA PELAGIO FABI\u00c3O e BASSANI visent une communication efficace, le d\u00e9veloppement de solutions cr\u00e9atives et int\u00e9gr\u00e9es avec les clients, toujours ax\u00e9es sur les r\u00e9sultats, garantissant l&rsquo;application des meilleurs principes et valeurs dans la pratique du contentieux et du conseil. Nous pratiquons le droit avec dignit\u00e9 et ind\u00e9pendance, dans le respect de l&rsquo;\u00e9thique, des devoirs [&hellip;]<\/p>\n","protected":false},"author":1,"featured_media":0,"parent":0,"menu_order":0,"comment_status":"closed","ping_status":"closed","template":"","meta":{"footnotes":""},"class_list":["post-163","page","type-page","status-publish","hentry"],"jetpack_sharing_enabled":true,"_links":{"self":[{"href":"https:\/\/gameleirapelagio.com.br\/fr\/wp-json\/wp\/v2\/pages\/163","targetHints":{"allow":["GET"]}}],"collection":[{"href":"https:\/\/gameleirapelagio.com.br\/fr\/wp-json\/wp\/v2\/pages"}],"about":[{"href":"https:\/\/gameleirapelagio.com.br\/fr\/wp-json\/wp\/v2\/types\/page"}],"author":[{"embeddable":true,"href":"https:\/\/gameleirapelagio.com.br\/fr\/wp-json\/wp\/v2\/users\/1"}],"replies":[{"embeddable":true,"href":"https:\/\/gameleirapelagio.com.br\/fr\/wp-json\/wp\/v2\/comments?post=163"}],"version-history":[{"count":1,"href":"https:\/\/gameleirapelagio.com.br\/fr\/wp-json\/wp\/v2\/pages\/163\/revisions"}],"predecessor-version":[{"id":744,"href":"https:\/\/gameleirapelagio.com.br\/fr\/wp-json\/wp\/v2\/pages\/163\/revisions\/744"}],"wp:attachment":[{"href":"https:\/\/gameleirapelagio.com.br\/fr\/wp-json\/wp\/v2\/media?parent=163"}],"curies":[{"name":"wp","href":"https:\/\/api.w.org\/{rel}","templated":true}]}}